{"id":2853,"date":"2018-05-24T19:36:51","date_gmt":"2018-05-24T17:36:51","guid":{"rendered":"http:\/\/miriamalbasini.es\/blog\/?page_id=2853"},"modified":"2018-05-24T19:36:51","modified_gmt":"2018-05-24T17:36:51","slug":"politica-de-privacidad","status":"publish","type":"page","link":"https:\/\/miriamalbasini.es\/blog\/politica-de-privacidad\/","title":{"rendered":"Pol\u00edtica de Privacidad"},"content":{"rendered":"<h2>Quienes somos<\/h2>\n<p>Nuestra direcci\u00f3n de sitio web es: http:\/\/miriamalbasini.es\/blog\/<\/p>\n<h2>Pol\u00edtica de privacidad del sitio web<\/h2>\n<p>Esta pol\u00edtica de privacidad es para este sitio web; <a href=\"http:\/\/miriamalbasini.es\/blog\/\">http:\/\/miriamalbasini.es\/blog\/<\/a> y gobierna la privacidad de los usuarios que eligen usarla. Explica c\u00f3mo cumplimos con el RGPD (Reglamento General de Protecci\u00f3n de Datos).<\/p>\n<p>Esta pol\u00edtica explicar\u00e1 las \u00e1reas de este sitio web que pueden afectar su privacidad y detalles personales, c\u00f3mo procesamos, recopilamos, administramos y almacenamos esos detalles y c\u00f3mo se cumplen sus derechos bajo el GDPR. Adem\u00e1s, le explicar\u00e1 el uso de cookies o software, la publicidad o el patrocinio comercial de terceros y la descarga de cualquier documento, archivo o software puesto a su disposici\u00f3n (si corresponde) en este sitio web. Se pueden proporcionar explicaciones adicionales para p\u00e1ginas o caracter\u00edsticas espec\u00edficas de este sitio web con el fin de ayudarlo a comprender c\u00f3mo nosotros, este sitio web y sus terceros (si corresponde) interactuamos con usted y su computadora \/ dispositivo para poder brindarle nuestros servicios. Nuestra informaci\u00f3n de contacto se proporciona si tiene alguna pregunta.<\/p>\n<h2>GDPR mayo de 2018<\/h2>\n<p>Nosotros y este sitio web cumplimos con el RGPD (Reglamento General de Protecci\u00f3n de Datos) que entra en vigencia a partir del 25 de mayo de 2018.<\/p>\n<h2>Uso de cookies<\/h2>\n<p>Este sitio web utiliza cookies para mejorar la experiencia del usuario mientras visita el sitio web. Tal como lo exige la legislaci\u00f3n, cuando corresponda, este sitio web utiliza un sistema de control de cookies que permite al usuario otorgar permisos expl\u00edcitos o denegar el uso o el almacenamiento de cookies en su computadora o dispositivo.<\/p>\n<h3>\u00bfQu\u00e9 son las cookies?<\/h3>\n<p>Las cookies son peque\u00f1os archivos guardados en las computadoras del usuario que rastrean, guardan y almacenan informaci\u00f3n sobre las interacciones y el uso del sitio web por parte del usuario. Esto permite que el sitio web, a trav\u00e9s de su servidor, brinde a los usuarios una experiencia personalizada dentro de este sitio web.<\/p>\n<p>Se aconseja a los usuarios que si desean denegar el uso y almacenamiento de cookies de este sitio web en el disco duro de su computadora, deben tomar las medidas necesarias en la configuraci\u00f3n de seguridad de su navegador web para bloquear todas las cookies de este sitio web y sus proveedores externos o utilizar el sistema de control de cookies, si est\u00e1 disponible en su primera visita.<\/p>\n<h3>Seguimiento de visitantes del sitio web<\/h3>\n<p>Este sitio web utiliza un software de seguimiento y an\u00e1lisis para monitorear a sus visitantes y as\u00ed comprender mejor c\u00f3mo lo usan. El software guardar\u00e1 una cookie en el disco duro de su computadora para rastrear y monitorear su participaci\u00f3n y uso del sitio web, pero no almacenar\u00e1, guardar\u00e1 o recopilar\u00e1 informaci\u00f3n personal.<\/p>\n<h3>Anuncios y enlaces patrocinados<\/h3>\n<p>Este sitio web no contiene enlaces patrocinados y anuncios.<\/p>\n<h2>Contacto y comunicaci\u00f3n con nosotros<\/h2>\n<p>Los usuarios que se ponen en contacto con nosotros a trav\u00e9s de este sitio web lo hacen a su propia discreci\u00f3n y proporcionan los datos personales solicitados bajo su propio riesgo. Su informaci\u00f3n personal se mantiene privada y se almacena de forma segura hasta que ya no sea necesaria o no tenga uso.<\/p>\n<p>En los casos en que lo hayamos indicado claramente y le hayamos informado del hecho, y en los casos en que haya otorgado su permiso expreso, podremos utilizar sus datos para enviarle informaci\u00f3n a trav\u00e9s de un sistema de listas de correo.<\/p>\n<h2>Lista de correos electr\u00f3nicos y mensajes de marketing<\/h2>\n<p>Podemos operar un programa de listas de correo electr\u00f3nico, utilizado para informar a los suscriptores sobre nuestros servicios y \/ o noticias que suministramos \/ publicamos. Los usuarios pueden suscribirse a trav\u00e9s de un proceso automatizado en l\u00ednea donde han otorgado su permiso expl\u00edcito. Los datos personales del suscriptor se recopilan, procesan, administran y almacenan de acuerdo con las reglamentaciones mencionadas en este Aviso de Pol\u00edtica. Los suscriptores pueden darse de baja en cualquier momento a trav\u00e9s de un servicio en l\u00ednea automatizado, o si no est\u00e1n disponibles, otros medios como se detalla en el pie de p\u00e1gina de los mensajes de marketing enviados (o cancelar la suscripci\u00f3n a todas las listas de Mailchimp). El tipo y el contenido de los mensajes de marketing que reciben los suscriptores, y si puede contener contenido de terceros, se describen claramente en el momento de la suscripci\u00f3n.<\/p>\n<p>Los mensajes de marketing por correo electr\u00f3nico pueden contener balizas de seguimiento y \/ o enlaces clicables seguidos o tecnolog\u00edas de servidor similares para rastrear la actividad del suscriptor dentro de los mensajes de marketing por correo electr\u00f3nico. Cuando se utilizan, dichos mensajes de mercadotecnia pueden registrar una gama de datos de suscriptores relacionados con el compromiso, geogr\u00e1ficos, demogr\u00e1ficos y datos de suscriptores ya almacenados.<\/p>\n<p>En su caso, nuestro proveedor de servicio de marketing por correo electr\u00f3nico es; Mailchimp y puede leer su pol\u00edtica de privacidad en la secci\u00f3n de recursos.<\/p>\n<h2>Enlaces a sitios web externos y terceros<\/h2>\n<p>Aunque solo buscamos incluir enlaces externos de calidad, seguros y relevantes, se recomienda a los usuarios que adopten una pol\u00edtica de precauci\u00f3n antes de hacer clic en los enlaces web externos mencionados en este sitio web.<\/p>\n<p>No podemos garantizar ni verificar los contenidos de ning\u00fan sitio web vinculado externamente a pesar de nuestros mejores esfuerzos. Por lo tanto, los usuarios deben tener en cuenta que hacen clic en los enlaces externos bajo su propio riesgo y no nos hacemos responsables de los da\u00f1os o implicaciones causados \u200b\u200bpor visitar los enlaces externos mencionados.<\/p>\n<h2>Pol\u00edtica y uso de medios sociales<\/h2>\n<p>Adoptamos una Pol\u00edtica de medios sociales para garantizar que nuestra empresa y nuestro personal se comporten en l\u00ednea de manera acorde. Si bien podemos tener perfiles oficiales en las plataformas de medios sociales, se aconseja a los usuarios que verifiquen la autenticidad de dichos perfiles antes de interactuar o compartir informaci\u00f3n con dichos perfiles. Nunca pediremos contrase\u00f1as de usuario o detalles personales en las plataformas de medios sociales. Se aconseja a los usuarios que se comporten de forma adecuada cuando interact\u00faen con nosotros en las redes sociales.<\/p>\n<p>Puede haber instancias en las que nuestro sitio web tenga botones para compartir en redes sociales, que ayudan a compartir contenido web directamente desde las p\u00e1ginas web a las respectivas plataformas de redes sociales. Utiliza los botones de uso compartido de redes sociales seg\u00fan tu propio criterio y aceptas que al hacerlo puedes publicar contenido en tu feed o p\u00e1gina de perfil de redes sociales. Puede encontrar m\u00e1s informaci\u00f3n sobre algunas pol\u00edticas de privacidad y uso de redes sociales en la secci\u00f3n de recursos a continuaci\u00f3n.<\/p>\n<p>Editado y personalizado por: Albasini &amp; Berkhout Dise\u00f1o S.L. Mayo 2018.<\/p>\n<p>Fin de la pol\u00edtica de privacidad.<\/p>\n","protected":false},"excerpt":{"rendered":"<p>Quienes somos Nuestra direcci\u00f3n de sitio web es: http:\/\/miriamalbasini.es\/blog\/ Pol\u00edtica de privacidad del sitio web Esta pol\u00edtica de privacidad es para este sitio web; http:\/\/miriamalbasini.es\/blog\/ y gobierna la privacidad de los usuarios que eligen usarla. Explica c\u00f3mo cumplimos con el RGPD (Reglamento General de Protecci\u00f3n de Datos). Esta pol\u00edtica explicar\u00e1 las \u00e1reas de este sitio [&hellip;]<\/p>\n","protected":false},"author":2,"featured_media":0,"parent":0,"menu_order":0,"comment_status":"closed","ping_status":"closed","template":"","meta":{"jetpack_post_was_ever_published":false,"footnotes":""},"class_list":["post-2853","page","type-page","status-publish","hentry"],"jetpack_shortlink":"https:\/\/wp.me\/P14Kb8-K1","jetpack_sharing_enabled":true,"_links":{"self":[{"href":"https:\/\/miriamalbasini.es\/blog\/wp-json\/wp\/v2\/pages\/2853","targetHints":{"allow":["GET"]}}],"collection":[{"href":"https:\/\/miriamalbasini.es\/blog\/wp-json\/wp\/v2\/pages"}],"about":[{"href":"https:\/\/miriamalbasini.es\/blog\/wp-json\/wp\/v2\/types\/page"}],"author":[{"embeddable":true,"href":"https:\/\/miriamalbasini.es\/blog\/wp-json\/wp\/v2\/users\/2"}],"replies":[{"embeddable":true,"href":"https:\/\/miriamalbasini.es\/blog\/wp-json\/wp\/v2\/comments?post=2853"}],"version-history":[{"count":1,"href":"https:\/\/miriamalbasini.es\/blog\/wp-json\/wp\/v2\/pages\/2853\/revisions"}],"predecessor-version":[{"id":2854,"href":"https:\/\/miriamalbasini.es\/blog\/wp-json\/wp\/v2\/pages\/2853\/revisions\/2854"}],"wp:attachment":[{"href":"https:\/\/miriamalbasini.es\/blog\/wp-json\/wp\/v2\/media?parent=2853"}],"curies":[{"name":"wp","href":"https:\/\/api.w.org\/{rel}","templated":true}]}}