{"id":2,"date":"2009-06-16T17:23:46","date_gmt":"2009-06-16T15:23:46","guid":{"rendered":"http:\/\/miriamalbasini.es\/blog\/?page_id=2"},"modified":"2022-03-05T16:57:04","modified_gmt":"2022-03-05T14:57:04","slug":"about","status":"publish","type":"page","link":"https:\/\/miriamalbasini.es\/blog\/about\/","title":{"rendered":"Sobre mi trabajo"},"content":{"rendered":"<p><img loading=\"lazy\" decoding=\"async\" class=\"size-medium wp-image-2813 alignright\" src=\"http:\/\/miriamalbasini.es\/blog\/wp-content\/uploads\/Tamano-225x300.jpg\" alt=\"Tama\u00f1o de los mu\u00f1ecos\" width=\"225\" height=\"300\" srcset=\"https:\/\/miriamalbasini.es\/blog\/wp-content\/uploads\/Tamano-225x300.jpg 225w, https:\/\/miriamalbasini.es\/blog\/wp-content\/uploads\/Tamano-300x400.jpg 300w, https:\/\/miriamalbasini.es\/blog\/wp-content\/uploads\/Tamano-768x1024.jpg 768w, https:\/\/miriamalbasini.es\/blog\/wp-content\/uploads\/Tamano-690x920.jpg 690w, https:\/\/miriamalbasini.es\/blog\/wp-content\/uploads\/Tamano-980x1307.jpg 980w, https:\/\/miriamalbasini.es\/blog\/wp-content\/uploads\/Tamano.jpg 1200w\" sizes=\"auto, (max-width: 225px) 100vw, 225px\" \/>Todo lo que ves en este blog est\u00e1 hecho de manera artesanal, modelado manualmente en <strong>arcilla polim\u00e9rica<\/strong> sin utilizar ning\u00fan tipo de moldes. Todas las figuras tienen un armaz\u00f3n de alambre recubierto de arcilla polim\u00e9rica. Miden entre 15 y 22cm, como se ve a la derecha.<\/p>\n<p>Soy licenciada en Bellas Artes, con especialidad en dise\u00f1o ambiental. En el a\u00f1o 1993, junto con dos arquitectos y un interiorista creamos una empresa dise\u00f1o gr\u00e1fico, interiores y arquitectura. Pod\u00e9is verla en <a href=\"http:\/\/www.ayb.es\" target=\"_blank\" rel=\"noopener\">www.ayb.es<\/a> o en la p\u00e1gina de facebook <a href=\"http:\/\/www.facebook.com\/AlbasiniBerkhout\" target=\"_blank\" rel=\"noopener\">www.facebook.com\/AlbasiniBerkhout<\/a>.<\/p>\n<p>Tambi\u00e9n tengo mi propia p\u00e1gina con todos mis dise\u00f1os: de dise\u00f1o gr\u00e1fico, de producto y escultura. Puedes verla en <a href=\"https:\/\/www.miriamalbasini.com\/\">www.miriamalbasini.com<\/a><\/p>\n<p>En el a\u00f1o 2007 descubr\u00ed este material y empec\u00e9 como hobby a trabajar en \u00e9l. La aceptaci\u00f3n y el gran n\u00famero de encargos me llev\u00f3 a montar este blog, en el que voy actualizando y posteando con todos los encargos que me hacen. Aparte de las <a title=\"Mu\u00f1ecos de plastilina\" href=\"http:\/\/miriamalbasini.es\/blog\/category\/figuras-personalizadas\/\">figuras personalizadas<\/a>, que mucha gente llama mu\u00f1ecos de plastilina, \u00a0los <a title=\"Mu\u00f1ecos de novios\" href=\"http:\/\/miriamalbasini.es\/blog\/category\/novios-y-parejas\/\">novios y aniversarios<\/a>, las <a title=\"Motos de plastilina\" href=\"http:\/\/miriamalbasini.es\/blog\/category\/motos\/\">motos personalizadas<\/a>, (sobre todo <a title=\"Harley de plastilina\" href=\"http:\/\/miriamalbasini.es\/blog\/?s=harley\">las Harley<\/a>), \u00a0los <a title=\"Belenes de plastilina\" href=\"http:\/\/miriamalbasini.es\/blog\/category\/belenes\/\">belenes<\/a>, los <a title=\"Familias personalizadas\" href=\"http:\/\/miriamalbasini.es\/blog\/category\/grupo-familiar\/\">grupos familiares<\/a>, y <a title=\"Mascotas y perros de plastilina\" href=\"http:\/\/miriamalbasini.es\/blog\/category\/mascotas-pets\/\">las mascotas<\/a>, y <a title=\"Figuras personalizadas plastilina\" href=\"http:\/\/miriamalbasini.es\/blog\/category\/boulis-2\/\">los boulis<\/a>, hay un mont\u00f3n de variaciones que se pueden ver en este blog. Hoy por hoy intento compaginar las figuras con el trabajo de estudio.<\/p>\n<p>Si quieres encargarme algo, despu\u00e9s de leer el men\u00fa, usa<a href=\"http:\/\/miriamalbasini.es\/blog\/formulario-de-pedido\/\"> este formulario<\/a>. Contesto a todos los mensajes que me mand\u00e1is, pero algunos me dec\u00eds que no os llegan, por favor, revisad vuestra carpeta de spam (parece que en algunos casos van directos all\u00ed).<\/p>\n<p>La raz\u00f3n por la que no pongo aqu\u00ed mi tel\u00e9fono es porque quiero que toda la informaci\u00f3n me llegue por correo. Tened en cuenta que todos los encargos tienen fecha de entrega y cuando me pongo con uno recopilo todos los correos, de esa persona, para no equivocarme.<\/p>\n<p>Puedes ver m\u00e1s sobre lo que hago en mi\u00a0<a href=\"http:\/\/www.facebook.com\/miriamalbasini\" target=\"_blank\" rel=\"noopener\">www.facebook.com\/miriamalbasini<\/a><\/p>\n\n\n<p>Tambi\u00e9n en <a href=\"https:\/\/www.instagram.com\/miriamalbasini\/\">instagram<\/a> <\/p>\n","protected":false},"excerpt":{"rendered":"<p>Todo lo que ves en este blog est\u00e1 hecho de manera artesanal, modelado manualmente en arcilla polim\u00e9rica sin utilizar ning\u00fan tipo de moldes. Todas las figuras tienen un armaz\u00f3n de alambre recubierto de arcilla polim\u00e9rica. Miden entre 15 y 22cm, como se ve a la derecha. Soy licenciada en Bellas Artes, con especialidad en dise\u00f1o [&hellip;]<\/p>\n","protected":false},"author":2,"featured_media":0,"parent":0,"menu_order":0,"comment_status":"closed","ping_status":"closed","template":"","meta":{"jetpack_post_was_ever_published":false,"footnotes":""},"class_list":["post-2","page","type-page","status-publish","hentry"],"jetpack_shortlink":"https:\/\/wp.me\/P14Kb8-2","jetpack_sharing_enabled":true,"_links":{"self":[{"href":"https:\/\/miriamalbasini.es\/blog\/wp-json\/wp\/v2\/pages\/2","targetHints":{"allow":["GET"]}}],"collection":[{"href":"https:\/\/miriamalbasini.es\/blog\/wp-json\/wp\/v2\/pages"}],"about":[{"href":"https:\/\/miriamalbasini.es\/blog\/wp-json\/wp\/v2\/types\/page"}],"author":[{"embeddable":true,"href":"https:\/\/miriamalbasini.es\/blog\/wp-json\/wp\/v2\/users\/2"}],"replies":[{"embeddable":true,"href":"https:\/\/miriamalbasini.es\/blog\/wp-json\/wp\/v2\/comments?post=2"}],"version-history":[{"count":19,"href":"https:\/\/miriamalbasini.es\/blog\/wp-json\/wp\/v2\/pages\/2\/revisions"}],"predecessor-version":[{"id":3177,"href":"https:\/\/miriamalbasini.es\/blog\/wp-json\/wp\/v2\/pages\/2\/revisions\/3177"}],"wp:attachment":[{"href":"https:\/\/miriamalbasini.es\/blog\/wp-json\/wp\/v2\/media?parent=2"}],"curies":[{"name":"wp","href":"https:\/\/api.w.org\/{rel}","templated":true}]}}